{"id":197,"date":"2016-11-17T20:49:07","date_gmt":"2016-11-17T18:49:07","guid":{"rendered":"http:\/\/www.folibchavy.cz\/_www_\/wordpress\/?page_id=197"},"modified":"2023-09-22T09:48:47","modified_gmt":"2023-09-22T07:48:47","slug":"kontakty","status":"publish","type":"page","link":"http:\/\/www.folibchavy.cz\/_www_\/wordpress\/kontakty\/","title":{"rendered":"kontakty v klubu"},"content":{"rendered":"<h4 style=\"text-align: center;\"><strong>TJ SOKOL LIBCHAVY &#8211; ODD\u00cdL KOPAN\u00c9 KONTAKTY<\/strong><\/h4>\n<p><strong><span style=\"text-decoration: underline;\">P\u0159edseda odd\u00edlu:<\/span>\u00a0<span style=\"color: #000080;\"> Musil Josef<\/span><\/strong>, 602 325 615, <a href=\"mailto:musillibchavy@seznam.cz\">musillibchavy@seznam.cz<\/a><\/p>\n<p><span style=\"text-decoration: underline;\"><strong>Sekret\u00e1\u0159 odd\u00edlu: <\/strong><\/span><span style=\"color: #000080;\"><strong>Musil Josef<\/strong><\/span>, 602 325 615, <a href=\"mailto:musillibchavy@seznam.cz\">musillibchavy@seznam.cz<\/a><\/p>\n<p><span style=\"text-decoration: underline;\"><strong>Pokladn\u00edk: <\/strong><\/span><strong><span style=\"color: #000080;\">Nov\u00e1kov\u00e1 V\u011bra<\/span><\/strong>, 603 769 658, <a href=\"mailto:vvnovak@centrum.cz\">vvnovak@centrum.cz<\/a><\/p>\n<p>&nbsp;<\/p>\n<h4 style=\"text-align: center;\"><strong>A-t\u00fdm \u2013 mu\u017ei<\/strong><\/h4>\n<p><span style=\"text-decoration: underline;\"><strong>Vedouc\u00ed t\u00fdmu:<\/strong><\/span>\u00a0\u00a0 <strong><span style=\"color: #000080;\">Moravcov\u00e1 Veronika<\/span><\/strong>, 737 018 841, <a href=\"mailto:veronika.moravcova93@seznam.cz\">veronika.moravcova93@seznam.cz<\/a><\/p>\n<p><span style=\"text-decoration: underline;\"><strong>Tren\u00e9r:<\/strong><\/span><strong>\u00a0 Karp\u00ed\u0161ek David<\/strong> |\u00a0<a href=\"mailto:karpisek@tbepox.cz\">karpisek@tbepox.cz<\/a><\/p>\n<p><span style=\"text-decoration: underline;\"><strong>Tren\u00e9r branka\u0159\u016f:<\/strong><\/span> <strong><span style=\"color: #000080;\">Kollert Tom\u00e1\u0161, <\/span><\/strong>602 286 980, <a href=\"mailto:tomas.kollert@korado.cz\">tomas.kollert@korado.cz<\/a><\/p>\n<p>&nbsp;<\/p>\n<h4 style=\"text-align: center;\"><strong>Dorost<\/strong><\/h4>\n<p><span style=\"text-decoration: underline;\"><strong>Vedouc\u00ed t\u00fdmu:<\/strong><\/span> <strong><span style=\"color: #000080;\">Kollert Tom\u00e1\u0161, <\/span><\/strong>602 286 980, <a href=\"mailto:tomas.kollert@korado.cz\">tomas.kollert@korado.cz<\/a><\/p>\n<p><span style=\"text-decoration: underline;\"><strong>Tren\u00e9\u0159i:<\/strong><\/span><\/p>\n<p><span style=\"color: #000080;\"><strong>Faltys Ji\u0159\u00ed<\/strong><\/span>, 776 684 446, <a href=\"mailto:falty8@gmail.com\">falty8@gmail.com<\/a><\/p>\n<p><strong><span style=\"color: #000080;\">Brodsk\u00fd Martin<\/span><\/strong>, 731 414 160, <a href=\"mailto:m.brodsky@centrum.cz\">m.brodsky@centrum.cz<\/a><\/p>\n<p><strong><span style=\"color: #000080;\">Hlav\u00e1\u010dek Ond\u0159ej<\/span><\/strong>, 607 057 203, <a href=\"mailto:hlavacek.ondra@gmail.com\">hlavacek.ondra@gmail.com<\/a><\/p>\n<p>&nbsp;<\/p>\n<h4 style=\"text-align: center;\"><strong>Star\u0161\u00ed \u017e\u00e1ci a Mlad\u0161\u00ed \u017e\u00e1ci<\/strong><\/h4>\n<p><span style=\"text-decoration: underline;\"><strong>Tren\u00e9r a vedouc\u00ed t\u00fdmu:<\/strong><\/span> <strong><span style=\"color: #000080;\">Musil Petr, <\/span><\/strong>606 091 075, <a href=\"mailto:pet.musil@email.cz\">pet.musil@email.cz<\/a><\/p>\n<p>&nbsp;<\/p>\n<h4 style=\"text-align: center;\"><strong>Star\u0161\u00ed p\u0159\u00edpravka<\/strong><\/h4>\n<p><span style=\"text-decoration: underline;\"><strong>Tren\u00e9r:<\/strong><\/span> <span style=\"color: #000080;\"><strong>Kocman Zden\u011bk, <\/strong><\/span>602 360 558, <a href=\"mailto:kocman94@seznam.cz\">kocman94@seznam.cz<\/a><\/p>\n<p>&nbsp;<\/p>\n<h4 style=\"text-align: center;\"><strong>Mlad\u0161\u00ed p\u0159\u00edpravka<\/strong><\/h4>\n<p><span style=\"text-decoration: underline;\"><strong>Tren\u00e9r:<\/strong><\/span> <span style=\"color: #000080;\"><strong>P\u011bknic Jaroslav, <\/strong><\/span>777 102 840, <a href=\"mailto:jardapeknic@sasauto.cz\">jardapeknic@sasauto.cz<\/a><\/p>\n<p>&nbsp;<\/p>\n","protected":false},"excerpt":{"rendered":"<p>TJ SOKOL LIBCHAVY &#8211; ODD\u00cdL KOPAN\u00c9 KONTAKTY P\u0159edseda odd\u00edlu:\u00a0 Musil Josef, 602 325 615, musillibchavy@seznam.cz Sekret\u00e1\u0159 odd\u00edlu: Musil Josef, 602 325 615, musillibchavy@seznam.cz Pokladn\u00edk: Nov\u00e1kov\u00e1 V\u011bra, 603 769 658, vvnovak@centrum.cz &nbsp; A-t\u00fdm \u2013 mu\u017ei Vedouc\u00ed t\u00fdmu:\u00a0\u00a0 Moravcov\u00e1 Veronika, 737 018 841, veronika.moravcova93@seznam.cz Tren\u00e9r:\u00a0 Karp\u00ed\u0161ek David |\u00a0karpisek@tbepox.cz Tren\u00e9r branka\u0159\u016f: Kollert Tom\u00e1\u0161, 602 286 980, tomas.kollert@korado.cz &nbsp; [&hellip;]<\/p>\n","protected":false},"author":1,"featured_media":0,"parent":0,"menu_order":0,"comment_status":"closed","ping_status":"closed","template":"","meta":[],"_links":{"self":[{"href":"http:\/\/www.folibchavy.cz\/_www_\/wordpress\/wp-json\/wp\/v2\/pages\/197"}],"collection":[{"href":"http:\/\/www.folibchavy.cz\/_www_\/wordpress\/wp-json\/wp\/v2\/pages"}],"about":[{"href":"http:\/\/www.folibchavy.cz\/_www_\/wordpress\/wp-json\/wp\/v2\/types\/page"}],"author":[{"embeddable":true,"href":"http:\/\/www.folibchavy.cz\/_www_\/wordpress\/wp-json\/wp\/v2\/users\/1"}],"replies":[{"embeddable":true,"href":"http:\/\/www.folibchavy.cz\/_www_\/wordpress\/wp-json\/wp\/v2\/comments?post=197"}],"version-history":[{"count":48,"href":"http:\/\/www.folibchavy.cz\/_www_\/wordpress\/wp-json\/wp\/v2\/pages\/197\/revisions"}],"predecessor-version":[{"id":5677,"href":"http:\/\/www.folibchavy.cz\/_www_\/wordpress\/wp-json\/wp\/v2\/pages\/197\/revisions\/5677"}],"wp:attachment":[{"href":"http:\/\/www.folibchavy.cz\/_www_\/wordpress\/wp-json\/wp\/v2\/media?parent=197"}],"curies":[{"name":"wp","href":"https:\/\/api.w.org\/{rel}","templated":true}]}}